{"id":14824,"date":"2025-07-03T11:32:31","date_gmt":"2025-07-03T17:32:31","guid":{"rendered":"https:\/\/www.bullet.mx\/?page_id=14824"},"modified":"2026-03-18T18:42:58","modified_gmt":"2026-03-19T00:42:58","slug":"lu","status":"publish","type":"page","link":"https:\/\/www.bullet.mx\/en\/lu\/","title":{"rendered":"Lu"},"content":{"rendered":"<div data-elementor-type=\"wp-page\" data-elementor-id=\"14824\" class=\"elementor elementor-14824\" data-elementor-post-type=\"page\">\n\t\t\t\t<header class=\"elementor-element elementor-element-5533dc4 e-con-full e-flex e-con e-parent\" data-id=\"5533dc4\" data-element_type=\"container\" data-settings=\"{&quot;background_background&quot;:&quot;classic&quot;}\">\n\t\t<div class=\"elementor-element elementor-element-2f924b26 e-con-full e-flex e-con e-child\" data-id=\"2f924b26\" data-element_type=\"container\">\n\t\t\t\t<div class=\"elementor-element elementor-element-7c5407fa elementor-widget elementor-widget-image\" data-id=\"7c5407fa\" data-element_type=\"widget\" data-widget_type=\"image.default\">\n\t\t\t\t<div class=\"elementor-widget-container\">\n\t\t\t\t\t\t\t\t\t\t\t\t\t\t\t\t<a href=\"https:\/\/www.bullet.mx\/en\/bio\/\">\n\t\t\t\t\t\t\t<img fetchpriority=\"high\" decoding=\"async\" width=\"834\" height=\"834\" src=\"https:\/\/www.bullet.mx\/wp-content\/uploads\/2025\/06\/monograma_mini_2025-01.webp\" class=\"attachment-full size-full wp-image-14287\" alt=\"\" srcset=\"https:\/\/www.bullet.mx\/wp-content\/uploads\/2025\/06\/monograma_mini_2025-01.webp 834w, https:\/\/www.bullet.mx\/wp-content\/uploads\/2025\/06\/monograma_mini_2025-01-300x300.png 300w, https:\/\/www.bullet.mx\/wp-content\/uploads\/2025\/06\/monograma_mini_2025-01-150x150.png 150w, https:\/\/www.bullet.mx\/wp-content\/uploads\/2025\/06\/monograma_mini_2025-01-768x768.png 768w, https:\/\/www.bullet.mx\/wp-content\/uploads\/2025\/06\/monograma_mini_2025-01-12x12.png 12w, https:\/\/www.bullet.mx\/wp-content\/uploads\/2025\/06\/monograma_mini_2025-01-125x125.png 125w\" sizes=\"(max-width: 834px) 100vw, 834px\" \/>\t\t\t\t\t\t\t\t<\/a>\n\t\t\t\t\t\t\t\t\t\t\t\t\t\t\t<\/div>\n\t\t\t\t<\/div>\n\t\t\t\t<\/div>\n\t\t<div class=\"elementor-element elementor-element-66e0e947 e-con-full e-flex e-con e-child\" data-id=\"66e0e947\" data-element_type=\"container\">\n\t\t\t\t<div class=\"elementor-element elementor-element-6ef3f967 elementor-widget__width-auto elementor-widget elementor-widget-button\" data-id=\"6ef3f967\" data-element_type=\"widget\" data-widget_type=\"button.default\">\n\t\t\t\t<div class=\"elementor-widget-container\">\n\t\t\t\t\t\t\t\t\t<div class=\"elementor-button-wrapper\">\n\t\t\t\t\t<a class=\"elementor-button elementor-button-link elementor-size-sm\" href=\"https:\/\/agenda.bullet.mx\/v2\/#book\/provider\/13\">\n\t\t\t\t\t\t<span class=\"elementor-button-content-wrapper\">\n\t\t\t\t\t\t\t\t\t<span class=\"elementor-button-text\">reserva ahora<\/span>\n\t\t\t\t\t<\/span>\n\t\t\t\t\t<\/a>\n\t\t\t\t<\/div>\n\t\t\t\t\t\t\t\t<\/div>\n\t\t\t\t<\/div>\n\t\t\t\t<\/div>\n\t\t\t\t<\/header>\n\t\t<div class=\"elementor-element elementor-element-82167ff e-flex e-con-boxed e-con e-parent\" data-id=\"82167ff\" data-element_type=\"container\">\n\t\t\t\t\t<div class=\"e-con-inner\">\n\t\t\t\t<div class=\"elementor-element elementor-element-b6b299b elementor-widget elementor-widget-text-editor\" data-id=\"b6b299b\" data-element_type=\"widget\" data-widget_type=\"text-editor.default\">\n\t\t\t\t<div class=\"elementor-widget-container\">\n\t\t\t\t\t\t\t\t\t<p class=\"font-claude-response-body break-words whitespace-normal leading-[1.7]\">Hola soy Lu, estilista con especialidad en tratamientos capilares. Comenc\u00e9 mi carrera hace seis a\u00f1os en Orange Beaut\u00e9 Polanco, donde me certifiqu\u00e9 en marcas como K\u00e9rastase, Davines, Mucota y Nioxin.<\/p>\n<p class=\"font-claude-response-body break-words whitespace-pre-wrap leading-[1.7]\">En 2023 me gradu\u00e9 de Black Academy en color, corte y peinado, y recientemente perfeccion\u00e9 mi t\u00e9cnica en foilayage con Jonathan Mas. Actualmente soy Junior Stylist en BULLET. Soy detallista, organizada y con un compromiso absoluto por lograr resultados impecables, mi enfoque garantiza una experiencia grata y profesional. Mi trato es cercano y transparente, haciendo que cada visita fluya entre lo ameno y divertido, sin perder de vista la excelencia. Para m\u00ed, cada servicio es un proceso creativo compartido, m\u00e1s que un simple oficio.<\/p>\n<p class=\"font-claude-response-body break-words whitespace-pre-wrap leading-[1.7]\">@lu.hairpolanco<\/p>\n<p data-start=\"1589\" data-end=\"1733\">\n<\/p>\t\t\t\t\t\t\t\t<\/div>\n\t\t\t\t<\/div>\n\t\t\t\t<div class=\"elementor-element elementor-element-00506bc elementor-arrows-yes elementor-pagination-type-bullets elementor-review--has-separator elementor--star-style-star_fontawesome elementor-widget elementor-widget-reviews\" data-id=\"00506bc\" data-element_type=\"widget\" data-settings=\"{&quot;show_arrows&quot;:&quot;yes&quot;,&quot;pagination&quot;:&quot;bullets&quot;,&quot;speed&quot;:500,&quot;autoplay&quot;:&quot;yes&quot;,&quot;autoplay_speed&quot;:5000,&quot;loop&quot;:&quot;yes&quot;,&quot;pause_on_hover&quot;:&quot;yes&quot;,&quot;pause_on_interaction&quot;:&quot;yes&quot;,&quot;space_between&quot;:{&quot;unit&quot;:&quot;px&quot;,&quot;size&quot;:10,&quot;sizes&quot;:[]},&quot;space_between_tablet&quot;:{&quot;unit&quot;:&quot;px&quot;,&quot;size&quot;:10,&quot;sizes&quot;:[]},&quot;space_between_mobile&quot;:{&quot;unit&quot;:&quot;px&quot;,&quot;size&quot;:10,&quot;sizes&quot;:[]}}\" data-widget_type=\"reviews.default\">\n\t\t\t\t<div class=\"elementor-widget-container\">\n\t\t\t\t\t\t\t\t\t<div class=\"elementor-swiper\">\n\t\t\t\t\t<div class=\"elementor-main-swiper swiper\" role=\"region\" aria-roledescription=\"carousel\" aria-label=\"Slides\">\n\t\t\t\t<div class=\"swiper-wrapper\">\n\t\t\t\t\t\t\t\t\t\t\t<div class=\"swiper-slide\" role=\"group\" aria-roledescription=\"slide\">\n\t\t\t\t\t\t\t\t\t<div class=\"elementor-testimonial elementor-repeater-item-c86e8af\">\n\t\t\t\t\t\t\t<div class=\"elementor-testimonial__header\">\n\t\t\t\t\t\t\t\t\t\t<cite class=\"elementor-testimonial__cite\"><span class=\"elementor-testimonial__name\">Antonela Segovia<\/span><div class=\"elementor-star-rating\"><i class=\"elementor-star-full\">&#xE934;<\/i><i class=\"elementor-star-full\">&#xE934;<\/i><i class=\"elementor-star-full\">&#xE934;<\/i><i class=\"elementor-star-full\">&#xE934;<\/i><i class=\"elementor-star-full\">&#xE934;<\/i><\/div><\/cite>\t\t\t\t\t<div class=\"elementor-testimonial__icon elementor-icon elementor-icon-google\" aria-label=\"Read More\"><svg aria-hidden=\"true\" class=\"e-font-icon-svg e-fab-google\" viewbox=\"0 0 488 512\" xmlns=\"http:\/\/www.w3.org\/2000\/svg\"><path d=\"M488 261.8C488 403.3 391.1 504 248 504 110.8 504 0 393.2 0 256S110.8 8 248 8c66.8 0 123 24.5 166.3 64.9l-67.5 64.9C258.5 52.6 94.3 116.6 94.3 256c0 86.5 69.1 156.6 153.7 156.6 98.2 0 135-70.4 140.8-106.9H248v-85.3h236.1c2.3 12.7 3.9 24.9 3.9 41.4z\"><\/path><\/svg><\/div>\t\t\t\t<\/div>\n\t\t\t\t\t\t\t\t\t\t<div class=\"elementor-testimonial__content\">\n\t\t\t\t\t<div class=\"elementor-testimonial__text\">\n\t\t\t\t\t\tExcelente lugar Lu es una genia hace rato no me dejan el cabello tan hermoso con un corte ideal. Graciasssss\t\t\t\t\t<\/div>\n\t\t\t\t<\/div>\n\t\t\t\t\t<\/div>\n\t\t\t\t\t\t\t\t<\/div>\n\t\t\t\t\t\t\t\t\t\t\t<div class=\"swiper-slide\" role=\"group\" aria-roledescription=\"slide\">\n\t\t\t\t\t\t\t\t\t<div class=\"elementor-testimonial elementor-repeater-item-ed6b42b\">\n\t\t\t\t\t\t\t<div class=\"elementor-testimonial__header\">\n\t\t\t\t\t\t\t\t\t\t\t<div class=\"elementor-testimonial__image\">\n\t\t\t\t\t\t\t<img decoding=\"async\" src=\"https:\/\/www.bullet.mx\/wp-content\/uploads\/2026\/03\/beguin.png\" alt=\"Beguin Vanessa\">\n\t\t\t\t\t\t\t\t\t\t\t\t\t<\/div>\n\t\t\t\t\t\t\t\t\t\t<cite class=\"elementor-testimonial__cite\"><span class=\"elementor-testimonial__name\">Beguin Vanessa<\/span><div class=\"elementor-star-rating\"><i class=\"elementor-star-full\">&#xE934;<\/i><i class=\"elementor-star-full\">&#xE934;<\/i><i class=\"elementor-star-full\">&#xE934;<\/i><i class=\"elementor-star-full\">&#xE934;<\/i><i class=\"elementor-star-full\">&#xE934;<\/i><\/div><\/cite>\t\t\t\t\t<div class=\"elementor-testimonial__icon elementor-icon elementor-icon-google\" aria-label=\"Read More\"><svg aria-hidden=\"true\" class=\"e-font-icon-svg e-fab-google\" viewbox=\"0 0 488 512\" xmlns=\"http:\/\/www.w3.org\/2000\/svg\"><path d=\"M488 261.8C488 403.3 391.1 504 248 504 110.8 504 0 393.2 0 256S110.8 8 248 8c66.8 0 123 24.5 166.3 64.9l-67.5 64.9C258.5 52.6 94.3 116.6 94.3 256c0 86.5 69.1 156.6 153.7 156.6 98.2 0 135-70.4 140.8-106.9H248v-85.3h236.1c2.3 12.7 3.9 24.9 3.9 41.4z\"><\/path><\/svg><\/div>\t\t\t\t<\/div>\n\t\t\t\t\t\t\t\t\t\t<div class=\"elementor-testimonial__content\">\n\t\t\t\t\t<div class=\"elementor-testimonial__text\">\n\t\t\t\t\t\tLu es la mejor ! Le escrib\u00ed al ultimo minuto y encontro un momento para atenderme.\nSuper recomendada y muy buena atencion!\t\t\t\t\t<\/div>\n\t\t\t\t<\/div>\n\t\t\t\t\t<\/div>\n\t\t\t\t\t\t\t\t<\/div>\n\t\t\t\t\t\t\t\t\t<\/div>\n\t\t\t\t\t\t\t\t\t\t\t\t\t\t\t<div class=\"elementor-swiper-button elementor-swiper-button-prev\" role=\"button\" tabindex=\"0\" aria-label=\"Previous\">\n\t\t\t\t\t\t\t<svg aria-hidden=\"true\" class=\"e-font-icon-svg e-eicon-chevron-left\" viewbox=\"0 0 1000 1000\" xmlns=\"http:\/\/www.w3.org\/2000\/svg\"><path d=\"M646 125C629 125 613 133 604 142L308 442C296 454 292 471 292 487 292 504 296 521 308 533L604 854C617 867 629 875 646 875 663 875 679 871 692 858 704 846 713 829 713 812 713 796 708 779 692 767L438 487 692 225C700 217 708 204 708 187 708 171 704 154 692 142 675 129 663 125 646 125Z\"><\/path><\/svg>\t\t\t\t\t\t<\/div>\n\t\t\t\t\t\t<div class=\"elementor-swiper-button elementor-swiper-button-next\" role=\"button\" tabindex=\"0\" aria-label=\"Next\">\n\t\t\t\t\t\t\t<svg aria-hidden=\"true\" class=\"e-font-icon-svg e-eicon-chevron-right\" viewbox=\"0 0 1000 1000\" xmlns=\"http:\/\/www.w3.org\/2000\/svg\"><path d=\"M696 533C708 521 713 504 713 487 713 471 708 454 696 446L400 146C388 133 375 125 354 125 338 125 325 129 313 142 300 154 292 171 292 187 292 204 296 221 308 233L563 492 304 771C292 783 288 800 288 817 288 833 296 850 308 863 321 871 338 875 354 875 371 875 388 867 400 854L696 533Z\"><\/path><\/svg>\t\t\t\t\t\t<\/div>\n\t\t\t\t\t\t\t\t\t\t\t\t\t\t\t\t<div class=\"swiper-pagination\"><\/div>\n\t\t\t\t\t\t\t\t\t\t\t\t<\/div>\n\t\t\t\t<\/div>\n\t\t\t\t\t\t\t\t<\/div>\n\t\t\t\t<\/div>\n\t\t\t\t\t<\/div>\n\t\t\t\t<\/div>\n\t\t<footer class=\"elementor-element elementor-element-282025aa e-con-full e-flex e-con e-parent\" data-id=\"282025aa\" data-element_type=\"container\" data-settings=\"{&quot;background_background&quot;:&quot;classic&quot;}\">\n\t\t<div class=\"elementor-element elementor-element-675c7f0d e-con-full e-flex e-con e-child\" data-id=\"675c7f0d\" data-element_type=\"container\">\n\t\t\t\t<div class=\"elementor-element elementor-element-5d8695b4 elementor-widget elementor-widget-heading\" data-id=\"5d8695b4\" data-element_type=\"widget\" data-widget_type=\"heading.default\">\n\t\t\t\t<div class=\"elementor-widget-container\">\n\t\t\t\t\t<h4 class=\"elementor-heading-title elementor-size-default\">VIS\u00cdTANOS<\/h4>\t\t\t\t<\/div>\n\t\t\t\t<\/div>\n\t\t\t\t<div class=\"elementor-element elementor-element-2d94494a elementor-widget elementor-widget-text-editor\" data-id=\"2d94494a\" data-element_type=\"widget\" data-widget_type=\"text-editor.default\">\n\t\t\t\t<div class=\"elementor-widget-container\">\n\t\t\t\t\t\t\t\t\t<p>Av. Pdte. Masaryk 393 Local 17<br \/>Polanco, Ciudad de M\u00e9xico<br \/>55 5280 1570<\/p>\t\t\t\t\t\t\t\t<\/div>\n\t\t\t\t<\/div>\n\t\t\t\t<\/div>\n\t\t<div class=\"elementor-element elementor-element-77b7c067 e-con-full e-flex e-con e-child\" data-id=\"77b7c067\" data-element_type=\"container\">\n\t\t\t\t<div class=\"elementor-element elementor-element-6c1a7742 elementor-widget elementor-widget-heading\" data-id=\"6c1a7742\" data-element_type=\"widget\" data-widget_type=\"heading.default\">\n\t\t\t\t<div class=\"elementor-widget-container\">\n\t\t\t\t\t<h4 class=\"elementor-heading-title elementor-size-default\">Horario<\/h4>\t\t\t\t<\/div>\n\t\t\t\t<\/div>\n\t\t\t\t<div class=\"elementor-element elementor-element-1bcd5ae7 elementor-widget elementor-widget-text-editor\" data-id=\"1bcd5ae7\" data-element_type=\"widget\" data-widget_type=\"text-editor.default\">\n\t\t\t\t<div class=\"elementor-widget-container\">\n\t\t\t\t\t\t\t\t\t<p>Lunes &#8211; S\u00e1bados<br \/>09:30 &#8211; 19:00 hrs<br \/>Domingos &#8211; Cerrados<\/p>\t\t\t\t\t\t\t\t<\/div>\n\t\t\t\t<\/div>\n\t\t\t\t<\/div>\n\t\t<div class=\"elementor-element elementor-element-5a58c1b5 e-flex e-con-boxed e-con e-child\" data-id=\"5a58c1b5\" data-element_type=\"container\">\n\t\t\t\t\t<div class=\"e-con-inner\">\n\t\t\t\t<div class=\"elementor-element elementor-element-6a1a5422 elementor-widget elementor-widget-google_maps\" data-id=\"6a1a5422\" data-element_type=\"widget\" data-widget_type=\"google_maps.default\">\n\t\t\t\t<div class=\"elementor-widget-container\">\n\t\t\t\t\t\t\t<div class=\"elementor-custom-embed\">\n\t\t\t<iframe loading=\"lazy\"\n\t\t\t\t\tsrc=\"https:\/\/maps.google.com\/maps?q=bullet%20hairdressing%20club&#038;t=m&#038;z=15&#038;output=embed&#038;iwloc=near\"\n\t\t\t\t\ttitle=\"bullet hairdressing club\"\n\t\t\t\t\taria-label=\"bullet hairdressing club\"\n\t\t\t><\/iframe>\n\t\t<\/div>\n\t\t\t\t\t\t<\/div>\n\t\t\t\t<\/div>\n\t\t\t\t\t<\/div>\n\t\t\t\t<\/div>\n\t\t\t\t<\/footer>\n\t\t<div class=\"elementor-element elementor-element-42186de4 e-flex e-con-boxed e-con e-parent\" data-id=\"42186de4\" data-element_type=\"container\" data-settings=\"{&quot;background_background&quot;:&quot;classic&quot;}\">\n\t\t\t\t\t<div class=\"e-con-inner\">\n\t\t\t\t<div class=\"elementor-element elementor-element-48535af1 elementor-widget elementor-widget-heading\" data-id=\"48535af1\" data-element_type=\"widget\" data-widget_type=\"heading.default\">\n\t\t\t\t<div class=\"elementor-widget-container\">\n\t\t\t\t\t<p class=\"elementor-heading-title elementor-size-default\">\u00a9 BULLET Hairdressing Club 2026<\/p>\t\t\t\t<\/div>\n\t\t\t\t<\/div>\n\t\t\t\t\t<\/div>\n\t\t\t\t<\/div>\n\t\t\t\t<\/div>","protected":false},"excerpt":{"rendered":"<p>reserva ahora Hola soy Lu, estilista con especialidad en tratamientos capilares. Comenc\u00e9 mi carrera hace seis a\u00f1os en Orange Beaut\u00e9 Polanco, donde me certifiqu\u00e9 en marcas como K\u00e9rastase, Davines, Mucota y Nioxin. En 2023 me gradu\u00e9 de Black Academy en color, corte y peinado, y recientemente perfeccion\u00e9 mi t\u00e9cnica en foilayage con Jonathan Mas. Actualmente [&hellip;]<\/p>","protected":false},"author":1,"featured_media":0,"parent":0,"menu_order":0,"comment_status":"closed","ping_status":"closed","template":"elementor_canvas","meta":{"footnotes":""},"yst_prominent_words":[],"class_list":["post-14824","page","type-page","status-publish"],"_links":{"self":[{"href":"https:\/\/www.bullet.mx\/en\/wp-json\/wp\/v2\/pages\/14824","targetHints":{"allow":["GET"]}}],"collection":[{"href":"https:\/\/www.bullet.mx\/en\/wp-json\/wp\/v2\/pages"}],"about":[{"href":"https:\/\/www.bullet.mx\/en\/wp-json\/wp\/v2\/types\/page"}],"author":[{"embeddable":true,"href":"https:\/\/www.bullet.mx\/en\/wp-json\/wp\/v2\/users\/1"}],"replies":[{"embeddable":true,"href":"https:\/\/www.bullet.mx\/en\/wp-json\/wp\/v2\/comments?post=14824"}],"version-history":[{"count":61,"href":"https:\/\/www.bullet.mx\/en\/wp-json\/wp\/v2\/pages\/14824\/revisions"}],"predecessor-version":[{"id":14934,"href":"https:\/\/www.bullet.mx\/en\/wp-json\/wp\/v2\/pages\/14824\/revisions\/14934"}],"wp:attachment":[{"href":"https:\/\/www.bullet.mx\/en\/wp-json\/wp\/v2\/media?parent=14824"}],"wp:term":[{"taxonomy":"yst_prominent_words","embeddable":true,"href":"https:\/\/www.bullet.mx\/en\/wp-json\/wp\/v2\/yst_prominent_words?post=14824"}],"curies":[{"name":"wp","href":"https:\/\/api.w.org\/{rel}","templated":true}]}}