{"id":1836,"date":"2018-01-09T23:27:43","date_gmt":"2018-01-10T05:27:43","guid":{"rendered":"https:\/\/www.bullet.mx\/?page_id=1836"},"modified":"2025-05-23T14:14:04","modified_gmt":"2025-05-23T20:14:04","slug":"citas","status":"publish","type":"page","link":"https:\/\/www.bullet.mx\/en\/citas\/","title":{"rendered":"Book Now"},"content":{"rendered":"<p><script src=\"\/\/widget.simplybook.me\/v2\/widget\/widget.js\" type=\"text\/javascript\"><\/script><br \/>\n<script type=\"text\/javascript\">\n    var widget = new SimplybookWidget({\"widget_type\":\"iframe\",\"url\":\"https:\\\/\\\/bullet.simplybook.me\",\"theme\":\"default\",\"theme_settings\":{\"timeline_hide_unavailable\":\"1\",\"hide_past_days\":\"0\",\"timeline_show_end_time\":\"0\",\"timeline_modern_display\":\"as_slots\",\"sb_base_color\":\"#bca474\",\"display_item_mode\":\"block\",\"booking_nav_bg_color\":\"#bca474\",\"body_bg_color\":\"#fffefb\",\"sb_review_image\":\"\",\"dark_font_color\":\"#474747\",\"light_font_color\":\"#ffffff\",\"btn_color_1\":\"#bca474\",\"sb_company_label_color\":\"#3b2f1b\",\"hide_img_mode\":\"0\",\"show_sidebar\":\"1\",\"sb_busy\":\"#cccccc\",\"sb_available\":\"#bca474\"},\"timeline\":\"flexible\",\"datepicker\":\"top_calendar\",\"is_rtl\":false,\"app_config\":{\"clear_session\":1,\"allow_switch_to_ada\":0,\"predefined\":[]}});\n<\/script><\/p>\n<p style=\"text-align: center;\">You will receive a SMS and confirmation email after paying your reservation through PayPal if you don\u2019t, the reservation hasn\u2019t been made.<\/p>\n<p style=\"text-align: center;\">If you fail to reschedule or cancel within 48 hours or don\u2019t show up to your appointment a 50% of the value of the scheduled service will be charged. Please review our Cancelation Policy.\u00a0<a href=\"https:\/\/www.bullet.mx\/en\/politicas-de-cancelacion\/\"><strong>Cancellation Policy<\/strong>.<\/a><\/p>","protected":false},"excerpt":{"rendered":"<p>Despu\u00e9s de pagar tu cita v\u00eda PayPal recibir\u00e1s un correo y un SMS de confirmaci\u00f3n. Si no lo recibes, tu cita no se ha programado. En caso de no cambiar o cancelar con 48 hrs de anticipaci\u00f3n, o de no presentarte a tu cita, se realizar\u00e1 un cargo del 50% del valor del servicio reservado [&hellip;]<\/p>","protected":false},"author":1,"featured_media":2800,"parent":0,"menu_order":0,"comment_status":"closed","ping_status":"closed","template":"","meta":{"footnotes":""},"yst_prominent_words":[443],"class_list":["post-1836","page","type-page","status-publish","has-post-thumbnail"],"_links":{"self":[{"href":"https:\/\/www.bullet.mx\/en\/wp-json\/wp\/v2\/pages\/1836","targetHints":{"allow":["GET"]}}],"collection":[{"href":"https:\/\/www.bullet.mx\/en\/wp-json\/wp\/v2\/pages"}],"about":[{"href":"https:\/\/www.bullet.mx\/en\/wp-json\/wp\/v2\/types\/page"}],"author":[{"embeddable":true,"href":"https:\/\/www.bullet.mx\/en\/wp-json\/wp\/v2\/users\/1"}],"replies":[{"embeddable":true,"href":"https:\/\/www.bullet.mx\/en\/wp-json\/wp\/v2\/comments?post=1836"}],"version-history":[{"count":0,"href":"https:\/\/www.bullet.mx\/en\/wp-json\/wp\/v2\/pages\/1836\/revisions"}],"wp:featuredmedia":[{"embeddable":true,"href":"https:\/\/www.bullet.mx\/en\/wp-json\/wp\/v2\/media\/2800"}],"wp:attachment":[{"href":"https:\/\/www.bullet.mx\/en\/wp-json\/wp\/v2\/media?parent=1836"}],"wp:term":[{"taxonomy":"yst_prominent_words","embeddable":true,"href":"https:\/\/www.bullet.mx\/en\/wp-json\/wp\/v2\/yst_prominent_words?post=1836"}],"curies":[{"name":"wp","href":"https:\/\/api.w.org\/{rel}","templated":true}]}}